{"id":74,"date":"2024-09-09T08:36:37","date_gmt":"2024-09-09T06:36:37","guid":{"rendered":"https:\/\/bouthier.fr\/?page_id=74"},"modified":"2024-09-09T10:05:19","modified_gmt":"2024-09-09T08:05:19","slug":"inscriptions-2024-25","status":"publish","type":"page","link":"https:\/\/bouthier.fr\/index.php\/inscriptions-2024-25\/","title":{"rendered":"Inscriptions 2024\/25"},"content":{"rendered":"<p style=\"text-align: center;\"><span style=\"font-size: 24pt;\"><strong><span style=\"font-family: tahoma, arial, helvetica, sans-serif;\">INSCRIPTIONS SAISON 2024 \/ 2025<\/span><\/strong><\/span><\/p>\n<h4 style=\"text-align: center;\"><strong>Les entrainements reprennent le samedi 14 septembre 2024 \u00e0 9h45 au stade de Brocarel.<\/strong><\/h4>\n<p>&nbsp;<\/p>\n<p style=\"text-align: center;\"><span style=\"font-family: tahoma, arial, helvetica, sans-serif;\">Merci de bien vouloir t\u00e9l\u00e9charger, lire attentivement et remplir les documents suivants<\/span><\/p>\n<ul>\n<li style=\"text-align: left;\"><span style=\"font-family: tahoma, arial, helvetica, sans-serif;\">Le r\u00e9glement du club : <\/span><a style=\"font-family: tahoma, arial, helvetica, sans-serif;\" href=\"http:\/\/bouthier.fr\/wp-content\/uploads\/2024\/09\/01-REGLEMENT-AOTL-2024-2025.pdf\">R\u00e8glement saison 2024 2025<\/a><\/li>\n<li style=\"text-align: left;\"><span style=\"font-family: tahoma, arial, helvetica, sans-serif;\">Fiche de renseignements du licenci\u00e9 :&nbsp;<a href=\"http:\/\/bouthier.fr\/wp-content\/uploads\/2024\/09\/02-INSCRIPTION-AOTL-2024-2025.pdf\">Renseignement licenci\u00e9 saison 2024 2025<\/a><\/span><\/li>\n<li><span style=\"font-family: tahoma, arial, helvetica, sans-serif;\">Pour une<em><strong> 1ere inscription<\/strong><\/em> le certificat m\u00e9dical \u00e0 faire remplir par votre m\u00e9decin : <a href=\"http:\/\/bouthier.fr\/wp-content\/uploads\/2024\/09\/03-CERTIF-MEDICAL-AOTL.pdf\">Certificat m\u00e9dical type \u00e0 utiliser&nbsp;<\/a> <\/span><\/li>\n<li><span style=\"font-family: tahoma, arial, helvetica, sans-serif;\">Pour un<em><strong> renouvellement<\/strong><\/em> de licence UFOLEP questionnaire \u00e0 remplir pour les <span style=\"color: #ff0000;\"><strong>enfants<\/strong><\/span> : &nbsp;<a href=\"http:\/\/bouthier.fr\/wp-content\/uploads\/2024\/09\/04-QUESTIONNAIRE-SANTE-ADULTE-UFOLEP.pdf\">Questionnaire sant\u00e9 enfant<\/a>&nbsp;<\/span><\/li>\n<li><span style=\"font-family: tahoma, arial, helvetica, sans-serif;\">Pour un<em><strong> renouvellement<\/strong><\/em> de licence UFOLEP questionnaire \u00e0 remplir pour les <span style=\"color: #ff0000;\"><b>adultes <\/b><\/span>: <a href=\"http:\/\/bouthier.fr\/wp-content\/uploads\/2024\/09\/05-QUESTIONNAIRE-SANTE-MINEUR-UFOLEP.pdf\">Questionnaire sant\u00e9 adulte<\/a><\/span><\/li>\n<\/ul>\n<p>&nbsp;<\/p>\n<p><span style=\"font-family: tahoma, arial, helvetica, sans-serif;\">Les dossiers complets sont \u00e0 rendre avant le 14 octobre 2024, \u00e0 un membre du bureau lors des cours du mercredi ou samedi.<\/span><\/p>\n<p><span style=\"font-family: tahoma, arial, helvetica, sans-serif;\">Tout dossier incomplet ne sera pas accept\u00e9.<\/span><\/p>\n<p><span style=\"font-family: tahoma, arial, helvetica, sans-serif;\">Les enfants ne pourront pas participer au cours d\u2019essai <em><strong>SANS CERTIFICAT MEDICAL.<\/strong><\/em><\/span><\/p>\n<p style=\"text-align: center;\"><span style=\"font-family: tahoma, arial, helvetica, sans-serif;\"><strong><em>Nous joindre<\/em><\/strong> : <a href=\"mailto:contact@aotlcyclisme.fr\">contact@aotlcyclisme.fr<\/a><\/span><\/p>\n<p>&nbsp;<\/p>\n","protected":false},"excerpt":{"rendered":"<p>INSCRIPTIONS SAISON 2024 \/ 2025 Les entrainements reprennent le samedi 14 septembre 2024 \u00e0 9h45 au stade de Brocarel. &nbsp; Merci de bien vouloir t\u00e9l\u00e9charger, lire attentivement et remplir les documents suivants Le r\u00e9glement du club : R\u00e8glement saison 2024 2025 Fiche de renseignements du licenci\u00e9 :&nbsp;Renseignement licenci\u00e9 saison 2024 2025 Pour une 1ere inscription [&hellip;]<\/p>\n","protected":false},"author":1,"featured_media":0,"parent":0,"menu_order":0,"comment_status":"closed","ping_status":"closed","template":"","meta":{"ngg_post_thumbnail":0,"footnotes":""},"class_list":["post-74","page","type-page","status-publish","hentry"],"_links":{"self":[{"href":"https:\/\/bouthier.fr\/index.php\/wp-json\/wp\/v2\/pages\/74","targetHints":{"allow":["GET"]}}],"collection":[{"href":"https:\/\/bouthier.fr\/index.php\/wp-json\/wp\/v2\/pages"}],"about":[{"href":"https:\/\/bouthier.fr\/index.php\/wp-json\/wp\/v2\/types\/page"}],"author":[{"embeddable":true,"href":"https:\/\/bouthier.fr\/index.php\/wp-json\/wp\/v2\/users\/1"}],"replies":[{"embeddable":true,"href":"https:\/\/bouthier.fr\/index.php\/wp-json\/wp\/v2\/comments?post=74"}],"version-history":[{"count":5,"href":"https:\/\/bouthier.fr\/index.php\/wp-json\/wp\/v2\/pages\/74\/revisions"}],"predecessor-version":[{"id":134,"href":"https:\/\/bouthier.fr\/index.php\/wp-json\/wp\/v2\/pages\/74\/revisions\/134"}],"wp:attachment":[{"href":"https:\/\/bouthier.fr\/index.php\/wp-json\/wp\/v2\/media?parent=74"}],"curies":[{"name":"wp","href":"https:\/\/api.w.org\/{rel}","templated":true}]}}